{"id":466,"date":"2026-03-12T18:52:27","date_gmt":"2026-03-12T18:52:27","guid":{"rendered":"https:\/\/catahoula.art\/?page_id=466"},"modified":"2026-03-12T18:52:27","modified_gmt":"2026-03-12T18:52:27","slug":"datenschutz","status":"publish","type":"page","link":"https:\/\/catahoula.art\/index.php\/datenschutz\/","title":{"rendered":"Datenschutz"},"content":{"rendered":"\n<p id=\"block-758809dd-c7bf-47e7-b145-5a4737d9c243\"><\/p>\n\n\n\n<p id=\"block-86b50147-7387-4634-a815-98873a563a2a\"><strong>Haftungsausschluss<\/strong><\/p>\n\n\n\n<p id=\"block-4b394dde-6198-4da7-ac46-430db4d607af\"><strong>Haftung f\u00fcr Inhalte<\/strong><\/p>\n\n\n\n<p id=\"block-0dd2d3ea-4786-4ad0-9f20-8b91f88bbc29\">Die Inhalte unserer Seiten wurden mit gr\u00f6\u00dfter Sorgfalt erstellt. F\u00fcr die Richtigkeit, Vollst\u00e4ndigkeit und Aktualit\u00e4t der Inhalte k\u00f6nnen wir jedoch keine Gew\u00e4hr \u00fcbernehmen.<\/p>\n\n\n\n<p id=\"block-05228d28-9302-494e-a8f2-8510a9fbd553\">Als Diensteanbieter sind wir gem\u00e4\u00df \u00a7 7 Abs.1 TMG f\u00fcr eigene Inhalte auf diesen Seiten nach den allgemeinen Gesetzen verantwortlich. Nach \u00a7\u00a7 8 bis 10 TMG sind wir als Diensteanbieter jedoch nicht<br>verpflichtet, \u00fcbermittelte oder gespeicherte fremde Informationen zu \u00fcberwachen oder nach Umst\u00e4nden zu forschen, die auf eine rechtswidrige T\u00e4tigkeit hinweisen. Verpflichtungen zur Entfernung oder Sperrung der Nutzung von Informationen nach den allgemeinen Gesetzen bleiben hiervon unber\u00fchrt. Eine diesbez\u00fcgliche Haftung ist jedoch erst ab dem Zeitpunkt der Kenntnis einer konkreten Rechtsverletzung m\u00f6glich. Bei bekannt werden von entsprechenden Rechtsverletzungen werden wir diese Inhalte umgehend entfernen.<\/p>\n\n\n\n<p id=\"block-f06cf780-26a2-4b89-9916-49459588eeab\"><strong>Haftung f\u00fcr Links<\/strong><\/p>\n\n\n\n<p id=\"block-6f9858d9-b6af-4056-b5ae-b5d4c968ccef\">Unser Angebot enth\u00e4lt Links zu externen Webseiten Dritter, auf deren Inhalte wir keinen Einfluss haben. Deshalb k\u00f6nnen wir f\u00fcr diese fremden Inhalte auch keine Gew\u00e4hr \u00fcbernehmen. F\u00fcr die Inhalte der verlinkten Seiten ist stets der jeweilige Anbieter oder Betreiber der Seiten verantwortlich. Die verlinkten Seiten wurden zum Zeitpunkt der Verlinkung auf m\u00f6gliche Rechtsverst\u00f6\u00dfe \u00fcberpr\u00fcft. Rechtswidrige Inhalte waren zum Zeitpunkt der Verlinkung nicht erkennbar. Eine permanente inhaltliche Kontrolle der verlinkten Seiten ist jedoch ohne konkrete Anhaltspunkte einer Rechtsverletzung nicht zumutbar. Bei bekannt werden von Rechtsverletzungen werden wir derartige Links umgehend entfernen.<\/p>\n\n\n\n<p id=\"block-c369efc1-0b86-427e-8785-841609af2642\"><strong>Urheberrecht<\/strong><\/p>\n\n\n\n<p id=\"block-807fc097-83e6-4130-9f6b-47f386813b72\">Die durch die Seitenbetreiber erstellten Inhalte und Werke auf diesen Seiten unterliegen dem deutschen Urheberrecht. Beitr\u00e4ge Dritter sind als solche gekennzeichnet. Die Vervielf\u00e4ltigung, Bearbeitung, Verbreitung und jede Art der Verwertung au\u00dferhalb der Grenzen des Urheberrechtes bed\u00fcrfen der schriftlichen Zustimmung des jeweiligen Autors bzw. Erstellers. Downloads und Kopien dieser Seite sind nur f\u00fcr den privaten, nicht kommerziellen Gebrauch gestattet.<\/p>\n\n\n\n<p id=\"block-44bcb95d-efb1-47e4-b467-c154bf996ffa\">Die Betreiber der Seiten sind bem\u00fcht, stets die Urheberrechte anderer zu beachten bzw. auf selbst erstellte sowie lizenzfreie Werke zur\u00fcckzugreifen.<\/p>\n\n\n\n<p id=\"block-4f2eedf4-1b7b-4905-a743-0997c0a7d713\"><strong>Datenschutzerkl\u00e4rung<\/strong><\/p>\n\n\n\n<p id=\"block-cc0ea541-4040-4610-ab5e-399fb0f615e2\">Soweit nachstehend keine anderen Angaben gemacht werden, ist die Bereitstellung Ihrer personenbezogenen Daten weder gesetzlich oder vertraglich vorgeschrieben, noch f\u00fcr einen Vertragsabschluss erforderlich. Sie sind zur Bereitstellung der Daten nicht verpflichtet. Eine Nichtbereitstellung hat keine Folgen. Dies gilt nur soweit bei den nachfolgenden Verarbeitungsvorg\u00e4ngen keine anderweitige Angabe gemacht wird.<br>\u201ePersonenbezogene Daten\u201c sind alle Informationen, die sich auf eine identifizierte oder identifizierbare nat\u00fcrliche Person beziehen.<\/p>\n\n\n\n<p id=\"block-44ef7b9c-a274-4d97-85d8-50649744c85e\"><strong>Server-Logfiles<\/strong><\/p>\n\n\n\n<p id=\"block-9fb90c31-7724-42a3-b620-8bbe1043675c\">Sie k\u00f6nnen unsere Webseiten besuchen, ohne Angaben zu Ihrer Person zu machen. Es werden bei jedem Zugriff auf unsere Website Nutzungsdaten durch Ihren Internetbrowser \u00fcbermittelt und in Protokolldaten (Server-Logfiles) gespeichert. Zu diesen gespeicherten Daten geh\u00f6ren z.B. Name der aufgerufenen Seite, Datum und Uhrzeit des Abrufs, \u00fcbertragene Datenmenge und der anfragende Provider. Diese Daten dienen ausschlie\u00dflich der Gew\u00e4hrleistung eines st\u00f6rungsfreien Betriebs unserer Website und zur Verbesserung unseres Angebotes. Eine Zuordnung dieser Daten zu einer bestimmten Person ist nicht m\u00f6glich.<\/p>\n\n\n\n<p id=\"block-088029e5-5311-41ae-8b8c-d31b590011c4\"><strong>Dauer der Speicherung<\/strong><\/p>\n\n\n\n<p id=\"block-b76aa8eb-2626-4696-9c5e-27d007216d67\">Nach vollst\u00e4ndiger Vertragsabwicklung werden die Daten zun\u00e4chst f\u00fcr die Dauer der Gew\u00e4hrleistungsfrist, danach unter Ber\u00fccksichtigung gesetzlicher, insbesondere steuer- und handelsrechtlicher Aufbewahrungsfristen gespeichert und dann nach Fristablauf gel\u00f6scht, sofern Sie der weitergehenden Verarbeitung und Nutzung nicht zugestimmt haben.<\/p>\n\n\n\n<p id=\"block-79d1303b-1ae8-4f7b-aac6-bb6eb5b411dd\"><strong>Rechte der betroffenen Person<\/strong><\/p>\n\n\n\n<p id=\"block-e23cb41e-37d9-4542-9ccf-2648348329ee\">Ihnen stehen bei Vorliegen der gesetzlichen Voraussetzungen folgende Rechte nach Art. 15 bis 20 DSGVO zu: Recht auf Auskunft, auf Berichtigung, auf L\u00f6schung, auf Einschr\u00e4nkung der Verarbeitung, auf Daten\u00fcbertragbarkeit.<br>Au\u00dferdem steht Ihnen nach Art. 21 (1) DSGVO ein Widerspruchsrecht gegen die Verarbeitungen zu, die auf Art. 6 (1) f DSGVO beruhen, sowie gegen die Verarbeitung zum Zwecke von Direktwerbung.<\/p>\n\n\n\n<p id=\"block-b8e5bc7c-db2b-4c13-b445-5a449cc18611\">Kontaktieren Sie uns auf Wunsch. Die Kontaktdaten finden Sie in unserem Impressum.<\/p>\n\n\n\n<p id=\"block-c6d56320-719b-4bb7-a853-4561f6431179\"><strong>Beschwerderecht bei der Aufsichtsbeh\u00f6rde<\/strong><\/p>\n\n\n\n<p id=\"block-5dbecc7b-0e30-4734-bd5e-cfa44e606e6d\">Sie haben gem\u00e4\u00df Art. 77 DSGVO das Recht, sich bei der Aufsichtsbeh\u00f6rde zu beschweren, wenn Sie der Ansicht sind, dass die Verarbeitung Ihrer personenbezogenen Daten nicht rechtm\u00e4\u00dfig erfolgt.<\/p>\n","protected":false},"excerpt":{"rendered":"<p>Haftungsausschluss Haftung f\u00fcr Inhalte Die Inhalte unserer Seiten wurden mit gr\u00f6\u00dfter Sorgfalt erstellt. F\u00fcr die Richtigkeit, Vollst\u00e4ndigkeit und Aktualit\u00e4t der Inhalte k\u00f6nnen wir jedoch keine Gew\u00e4hr \u00fcbernehmen. Als Diensteanbieter sind wir gem\u00e4\u00df \u00a7 7 Abs.1 TMG f\u00fcr eigene Inhalte auf diesen Seiten nach den allgemeinen Gesetzen verantwortlich. Nach \u00a7\u00a7 8 bis 10 TMG sind wir [&hellip;]<\/p>\n","protected":false},"author":2,"featured_media":0,"parent":0,"menu_order":0,"comment_status":"closed","ping_status":"closed","template":"","meta":{"footnotes":""},"class_list":["post-466","page","type-page","status-publish","hentry"],"_links":{"self":[{"href":"https:\/\/catahoula.art\/index.php\/wp-json\/wp\/v2\/pages\/466","targetHints":{"allow":["GET"]}}],"collection":[{"href":"https:\/\/catahoula.art\/index.php\/wp-json\/wp\/v2\/pages"}],"about":[{"href":"https:\/\/catahoula.art\/index.php\/wp-json\/wp\/v2\/types\/page"}],"author":[{"embeddable":true,"href":"https:\/\/catahoula.art\/index.php\/wp-json\/wp\/v2\/users\/2"}],"replies":[{"embeddable":true,"href":"https:\/\/catahoula.art\/index.php\/wp-json\/wp\/v2\/comments?post=466"}],"version-history":[{"count":1,"href":"https:\/\/catahoula.art\/index.php\/wp-json\/wp\/v2\/pages\/466\/revisions"}],"predecessor-version":[{"id":467,"href":"https:\/\/catahoula.art\/index.php\/wp-json\/wp\/v2\/pages\/466\/revisions\/467"}],"wp:attachment":[{"href":"https:\/\/catahoula.art\/index.php\/wp-json\/wp\/v2\/media?parent=466"}],"curies":[{"name":"wp","href":"https:\/\/api.w.org\/{rel}","templated":true}]}}